{"id":2108,"date":"2016-01-18T14:42:55","date_gmt":"2016-01-18T13:42:55","guid":{"rendered":"http:\/\/www.rwb-essen.de\/wp\/?page_id=2108"},"modified":"2026-04-04T20:31:10","modified_gmt":"2026-04-04T18:31:10","slug":"vorklasse","status":"publish","type":"page","link":"https:\/\/www.rwb-essen.de\/wp\/bildungsangebot\/vorklasse\/","title":{"rendered":"Vorklasse (Berufliches Gymnasium)"},"content":{"rendered":"<p>[et_pb_section fb_built=&#x201C;1&#x2033; custom_padding_last_edited=&#x201C;on|desktop&#x201C; admin_label=&#x201C;section&#x201C; _builder_version=&#x201C;4.10.8&#x2033; background_color=&#x201C;#ffffff&#x201C; background_image=&#x201C;https:\/\/www.rwb-essen.de\/wp\/wp-content\/uploads\/2024\/02\/rwb-essen-hintergrundbild-abstrakt-heller-2.jpg&#x201C; parallax=&#x201C;on&#x201C; parallax_method=&#x201C;off&#x201C; custom_padding_tablet=&#x201C;50px|0|50px|0&#x2033; custom_padding_phone=&#x201C;&#x201C; transparent_background=&#x201C;off&#x201C; padding_mobile=&#x201C;off&#x201C; make_fullwidth=&#x201C;off&#x201C; use_custom_width=&#x201C;off&#x201C; width_unit=&#x201C;on&#x201C; global_colors_info=&#x201C;{}&#x201C;][et_pb_row column_structure=&#x201C;1_2,1_4,1_4&#x2033; padding_mobile=&#x201C;off&#x201C; column_padding_mobile=&#x201C;on&#x201C; admin_label=&#x201C;row&#x201C; _builder_version=&#x201C;3.25&#x2033; parallax=&#x201C;on&#x201C; parallax_method=&#x201C;off&#x201C; make_fullwidth=&#x201C;off&#x201C; use_custom_width=&#x201C;off&#x201C; width_unit=&#x201C;on&#x201C; global_colors_info=&#x201C;{}&#x201C;][et_pb_column type=&#x201C;1_2&#x2033; _builder_version=&#x201C;3.25&#x2033; custom_padding=&#x201C;|||&#x201C; global_colors_info=&#x201C;{}&#x201C; custom_padding__hover=&#x201C;|||&#x201C;][et_pb_text disabled_on=&#x201C;on|on|on&#x201C; admin_label=&#x201C;Vorklasse&#x201C; _builder_version=&#x201C;4.10.8&#x2033; text_line_height=&#x201C;1.6em&#x201C; background_color=&#x201C;rgba(250,250,250,0.85)&#x201C; background_size=&#x201C;initial&#x201C; background_position=&#x201C;top_left&#x201C; background_repeat=&#x201C;repeat&#x201C; custom_padding=&#x201C;15px|15px|15px|15px&#x201C; text_font_size_tablet=&#x201C;&#x201C; text_font_size_phone=&#x201C;12&#x2033; text_font_size_last_edited=&#x201C;on|phone&#x201C; use_border_color=&#x201C;off&#x201C; border_color=&#x201C;#ffffff&#x201C; border_style=&#x201C;solid&#x201C; disabled=&#x201C;on&#x201C; global_colors_info=&#x201C;{}&#x201C;]<\/p>\n<h4>Vorklasse (alt)<\/h4>\n<p>Ihr Ziel ist die Allgemeine Hochschulreife (Abitur)?<br>Ihnen fehlt jedoch die Berechtigung zum Besuch der gymnasialen Oberstufe?<\/p>\n<p>Dann sind sie in der Vorklasse zum Beruflichen Gymnasium richtig.<\/p>\n<p>&#xA0;<\/p>\n<p><strong>Was m&#xFC;ssen Sie mitbringen?<br><\/strong>Sie ben&#xF6;tigen den Mittleren Schulabschluss (Realschulabschluss, Fachoberschulreife) ohne Berechtigung zum Besuch der gymnasialen Oberstufe.<\/p>\n<p><strong>Welchen Abschluss bekommen Sie?<br><\/strong>Sie k&#xF6;nnen die Berechtigung zum Besuch der gymnasialen Oberstufe erwerben.<\/p>\n<p><strong>Und danach?<br><\/strong>Mit dem Erwerb der Berechtigung zum Besuch der gymnasialen Oberstufe k&#xF6;nnen Sie in das Berufliche Gymnasium wechseln und das Abitur oder die Fachhochschulreife erwerben.<br>Ohne Berechtigung zum Besuch der gymnasialen Oberstufe k&#xF6;nnen Sie nach der Vorklasse in die Zweij&#xE4;hrige Berufsfachschule wechseln und dort die Fachhochschulreife erwerben.<\/p>\n<p><strong>Was erwartet Sie?<br><\/strong>Ziel der Vorklasse ist der Erwerb der Berechtigung zum Besuch der gymnasialen Oberstufe, die F&#xE4;cher Deutsch, Mathematik und Englisch sind deshalb besonders wichtig.<br>Zus&#xE4;tzlich erhalten Sie die Gelegenheit, neue F&#xE4;cher kennenzulernen, die sp&#xE4;tere Pr&#xFC;fungsf&#xE4;cher sein k&#xF6;nnen (z. B. Physik, Erziehungswissenschaften und Betriebswirtschaftslehre).<br>Auch Gesellschaftslehre mit Geschichte, Religion bzw. Philosophie und Sport stehen im <a class=\"glossaryLink\"  aria-describedby=\"tt\"  data-cmtooltip=\"&lt;div class=glossaryItemTitle&gt;Stundenplan&lt;\/div&gt;&lt;div class=glossaryItemBody&gt;&amp;lt;!-- wp:paragraph --&amp;gt;Sie k&ouml;nnen Ihren Stundenplan online sehen.&amp;lt;br\/&amp;gt;&amp;lt;!-- \/wp:paragraph --&amp;gt;&amp;lt;!-- wp:paragraph --&amp;gt;&amp;lt;strong&amp;gt;Mit dem Browser:&amp;lt;\/strong&amp;gt;&amp;lt;br\/&amp;gt;&amp;lt;!-- \/wp:paragraph --&amp;gt;&amp;lt;!-- wp:list --&amp;gt;www.webuntis.com in einem beliebigen Internet-Browser aufrufen&amp;lt;br\/&amp;gt;Schule w&auml;hlen: Rhein.-Westf. BK&amp;lt;br\/&amp;gt;Zugangsdaten eingeben&amp;lt;br\/&amp;gt;&amp;lt;br\/&amp;gt;&amp;lt;!-- \/wp:list --&amp;gt;&amp;lt;!-- wp:paragraph --&amp;gt;&amp;lt;strong&amp;gt;Mit der kostenlosen App &amp;lt;em&amp;gt;Untis Mobile:&amp;lt;\/em&amp;gt;&amp;lt;\/strong&amp;gt;&amp;lt;br\/&amp;gt;&amp;lt;!-- \/wp:paragraph --&amp;gt;&amp;lt;!-- wp:paragraph --&amp;gt;Die Apps f&uuml;r ihr Android- oder IOS-Smartphone k&ouml;nnen Sie bei Google Play oder im App-Store herunterladen.&amp;lt;br\/&amp;gt;&amp;lt;!-- \/wp:paragraph --&amp;gt;&amp;lt;!-- wp:paragraph --&amp;gt;Die Zugangsdaten bekommen Sie von Ihrer Klassenleitung.&amp;lt;br\/&amp;gt;&amp;lt;!-- \/wp:paragraph --&amp;gt;&lt;\/div&gt;\"  href=\"https:\/\/www.rwb-essen.de\/wp\/glossary\/stundenplan\/\"  data-gt-translate-attributes='[{\"attribute\":\"data-cmtooltip\", \"format\":\"html\"}]'  tabindex='0' role='link'>Stundenplan<\/a>.<\/p>\n<p>Wenn Sie noch Fragen haben, schreiben Sie eine Mail an <a class=\"mail\" title=\"E-Mail senden\" href=\"mailto:ahr@rwb-essen.de\">ahr@rwb-essen.de<\/a>.<\/p>\n<p>Wir beraten Sie gern.<\/p>\n<p>&#xA0;<\/p>\n<p>[\/et_pb_text][et_pb_text admin_label=&#x201C;Vorklasse&#x201C; _builder_version=&#x201C;4.10.8&#x2033; text_line_height=&#x201C;1.6em&#x201C; background_color=&#x201C;rgba(250,250,250,0.85)&#x201C; background_size=&#x201C;initial&#x201C; background_position=&#x201C;top_left&#x201C; background_repeat=&#x201C;repeat&#x201C; custom_padding=&#x201C;15px|15px|15px|15px&#x201C; text_font_size_tablet=&#x201C;&#x201C; text_font_size_phone=&#x201C;12&#x2033; text_font_size_last_edited=&#x201C;on|phone&#x201C; use_border_color=&#x201C;off&#x201C; border_color=&#x201C;#ffffff&#x201C; border_style=&#x201C;solid&#x201C; global_colors_info=&#x201C;{}&#x201C;]<\/p>\n<h4>Vorklasse<\/h4>\n<p><strong>Sind Sie hier richtig?<\/strong><br>Ihr Ziel ist die Allgemeine Hochschulreife (Abitur)?<\/p>\n<p>Ihnen fehlt jedoch die Berechtigung zum Besuch der gymnasialen Oberstufe?<\/p>\n<p>Dann sind Sie in der Vorklasse zum Beruflichen Gymnasium richtig.<\/p>\n<p><strong>Was m&#xFC;ssen Sie mitbringen?<br><\/strong>Sie ben&#xF6;tigen den Mittleren Schulabschluss (Realschulabschluss, Fachoberschulreife) ohne Berechtigung zum Besuch der gymnasialen Oberstufe.<\/p>\n<p><strong>Welchen Abschluss bekommen Sie?<br><\/strong>Sie k&#xF6;nnen die Berechtigung zum Besuch der gymnasialen Oberstufe mit einem bestimmten Notendurchschnitt erwerben.<\/p>\n<p><strong>Und danach?<br><\/strong>Mit dem Erwerb der Berechtigung zum Besuch der gymnasialen Oberstufe k&#xF6;nnen Sie das Berufliche Gymnasium besuchen und das Abitur oder den schulischen Teil der Fachhochschulreife erwerben.<\/p>\n<p>Ohne Berechtigung zum Besuch der gymnasialen Oberstufe k&#xF6;nnen Sie nach der Vorklasse die Zweij&#xE4;hrige Berufsfachschule besuchen und dort den schulischen Teil der Fachhochschulreife erwerben.<\/p>\n<p><strong>Was erwartet Sie?<br><\/strong>Ziel der Vorklasse ist der Erwerb der Berechtigung zum Besuch der gymnasialen Oberstufe, die F&#xE4;cher Deutsch, Mathematik und Englisch sind deshalb besonders wichtig.<\/p>\n<p>Zus&#xE4;tzlich erhalten Sie die Gelegenheit, neue F&#xE4;cher kennenzulernen, die sp&#xE4;tere Pr&#xFC;fungsf&#xE4;cher sein k&#xF6;nnen (z. B. Physik, Erziehungswissenschaften und Betriebswirtschaftslehre).<\/p>\n<p>Auch Gesellschaftslehre mit Geschichte, Religion bzw. Philosophie und Sport stehen im <a class=\"glossaryLink\"  aria-describedby=\"tt\"  data-cmtooltip=\"&lt;div class=glossaryItemTitle&gt;Stundenplan&lt;\/div&gt;&lt;div class=glossaryItemBody&gt;&amp;lt;!-- wp:paragraph --&amp;gt;Sie k&ouml;nnen Ihren Stundenplan online sehen.&amp;lt;br\/&amp;gt;&amp;lt;!-- \/wp:paragraph --&amp;gt;&amp;lt;!-- wp:paragraph --&amp;gt;&amp;lt;strong&amp;gt;Mit dem Browser:&amp;lt;\/strong&amp;gt;&amp;lt;br\/&amp;gt;&amp;lt;!-- \/wp:paragraph --&amp;gt;&amp;lt;!-- wp:list --&amp;gt;www.webuntis.com in einem beliebigen Internet-Browser aufrufen&amp;lt;br\/&amp;gt;Schule w&auml;hlen: Rhein.-Westf. BK&amp;lt;br\/&amp;gt;Zugangsdaten eingeben&amp;lt;br\/&amp;gt;&amp;lt;br\/&amp;gt;&amp;lt;!-- \/wp:list --&amp;gt;&amp;lt;!-- wp:paragraph --&amp;gt;&amp;lt;strong&amp;gt;Mit der kostenlosen App &amp;lt;em&amp;gt;Untis Mobile:&amp;lt;\/em&amp;gt;&amp;lt;\/strong&amp;gt;&amp;lt;br\/&amp;gt;&amp;lt;!-- \/wp:paragraph --&amp;gt;&amp;lt;!-- wp:paragraph --&amp;gt;Die Apps f&uuml;r ihr Android- oder IOS-Smartphone k&ouml;nnen Sie bei Google Play oder im App-Store herunterladen.&amp;lt;br\/&amp;gt;&amp;lt;!-- \/wp:paragraph --&amp;gt;&amp;lt;!-- wp:paragraph --&amp;gt;Die Zugangsdaten bekommen Sie von Ihrer Klassenleitung.&amp;lt;br\/&amp;gt;&amp;lt;!-- \/wp:paragraph --&amp;gt;&lt;\/div&gt;\"  href=\"https:\/\/www.rwb-essen.de\/wp\/glossary\/stundenplan\/\"  data-gt-translate-attributes='[{\"attribute\":\"data-cmtooltip\", \"format\":\"html\"}]'  tabindex='0' role='link'>Stundenplan<\/a>.<\/p>\n<p>Wenn Sie noch Fragen haben, schreiben Sie eine Mail an <a class=\"mail\" title=\"E-Mail senden\" href=\"mailto:christine.hatwig@rwb-essen.de\">christine.hatwig@rwb-essen.de<\/a>.<\/p>\n<p>Wir beraten Sie gern.<\/p>\n<p>Hier geht es zum <a href=\"https:\/\/www.rwb-essen.de\/wp\/wp-content\/uploads\/2024\/11\/rwb-essen_Anmeldung_VK_26-27.pdf\" target=\"_blank\" rel=\"noopener\" title=\"Anmeldeformular Vorklasse\">Anmeldeformular Vorklasse<\/a>.<\/p>\n<p>[\/et_pb_text][\/et_pb_column][et_pb_column type=&#x201C;1_4&#x2033; _builder_version=&#x201C;3.25&#x2033; custom_padding=&#x201C;|||&#x201C; global_colors_info=&#x201C;{}&#x201C; custom_padding__hover=&#x201C;|||&#x201C;][et_pb_toggle title=&#x201C;Mehr Infos&#x201C; icon_color=&#x201C;#c81446&#x2033; disabled_on=&#x201C;on|on|on&#x201C; admin_label=&#x201C;Umschalter&#x201C; _builder_version=&#x201C;3.0.87&#x2033; body_font_size=&#x201C;12&#x2033; body_line_height=&#x201C;1.6em&#x201C; background_size=&#x201C;initial&#x201C; background_position=&#x201C;top_left&#x201C; background_repeat=&#x201C;repeat&#x201C; title_font_size_tablet=&#x201C;&#x201C; title_font_size_phone=&#x201C;14&#x2033; title_font_size_last_edited=&#x201C;on|phone&#x201C; use_border_color=&#x201C;off&#x201C; border_color=&#x201C;#ffffff&#x201C; border_style=&#x201C;solid&#x201C; disabled=&#x201C;on&#x201C; global_colors_info=&#x201C;{}&#x201C;]<\/p>\n<p><a href=\"https:\/\/www.rwb-essen.de\/wp\/wp-content\/uploads\/2019\/09\/rwb-Info_AHR-FHR_09-2017.pdf\" target=\"_blank\" rel=\"noopener\">Infobrosch&#xFC;re Berufliches Gymnasium\/Zweij&#xE4;hrige Berufsfachschule&#xA0;(PDF)<\/a><\/p>\n<p>[\/et_pb_toggle][et_pb_video src=&#x201C;https:\/\/www.rwb-essen.de\/wp\/wp-content\/uploads\/2023\/10\/rwb-essen-dgs-vorklasse-2023.mp4&#x2033; image_src=&#x201C;https:\/\/www.rwb-essen.de\/wp\/wp-content\/uploads\/2023\/10\/rwb_dgs-overlay-Kopie.jpg&#x201C; play_icon_color=&#x201C;#C63846&#x2033; use_icon_font_size=&#x201C;on&#x201C; icon_font_size=&#x201C;50px&#x201C; thumbnail_overlay_color=&#x201C;RGBA(0,0,0,0)&#x201C; _builder_version=&#x201C;4.10.8&#x2033; _module_preset=&#x201C;default&#x201C; border_radii=&#x201C;on|10px|10px|10px|10px&#x201C; border_width_all=&#x201C;2px&#x201C; border_color_all=&#x201C;#C80046&#x2033; global_colors_info=&#x201C;{}&#x201C;][\/et_pb_video][et_pb_toggle title=&#x201C;Kontakt&#x201C; icon_color=&#x201C;#c81446&#x2033; admin_label=&#x201C;Umschalter&#x201C; _builder_version=&#x201C;4.10.8&#x2033; body_font_size=&#x201C;12&#x2033; body_line_height=&#x201C;1.6em&#x201C; background_size=&#x201C;initial&#x201C; background_position=&#x201C;top_left&#x201C; background_repeat=&#x201C;repeat&#x201C; title_font_size_tablet=&#x201C;&#x201C; title_font_size_phone=&#x201C;14&#x2033; title_font_size_last_edited=&#x201C;on|phone&#x201C; border_radii=&#x201C;on|10px|10px|10px|10px&#x201C; border_width_all=&#x201C;2px&#x201C; border_color_all=&#x201C;#C80046&#x2033; use_border_color=&#x201C;off&#x201C; border_color=&#x201C;#ffffff&#x201C; border_style=&#x201C;solid&#x201C; global_colors_info=&#x201C;{}&#x201C;]<\/p>\n<p><strong>Christine Hatwig<\/strong><\/p>\n<p>Telefon 0201 8767-0<\/p>\n<p><a class=\"mail\" title=\"E-Mail senden\" href=\"mailto:christine.hatwig@rwb-essen.de\">christine.hatwig@rwb-essen.de<\/a><\/p>\n<p>[\/et_pb_toggle][et_pb_toggle title=&#x201C;Infoflyer&#x201C; open=&#x201C;on&#x201C; open_toggle_text_color=&#x201C;#323232&#x2033; open_toggle_background_color=&#x201C;#fafafa&#x201C; closed_toggle_text_color=&#x201C;#646464&#x2033; closed_toggle_background_color=&#x201C;#f5f5f5&#x2033; icon_color=&#x201C;#c81446&#x2033; disabled_on=&#x201C;off|off|off&#x201C; admin_label=&#x201C;Umschalter&#x201C; _builder_version=&#x201C;4.10.8&#x2033; title_text_color=&#x201C;#646464&#x2033; body_font_size=&#x201C;12&#x2033; body_line_height=&#x201C;1.8em&#x201C; background_size=&#x201C;initial&#x201C; background_position=&#x201C;top_left&#x201C; background_repeat=&#x201C;repeat&#x201C; hover_enabled=&#x201C;0&#x2033; border_radii=&#x201C;on|10px|10px|10px|10px&#x201C; border_width_all=&#x201C;2px&#x201C; border_color_all=&#x201C;#C80046&#x2033; use_border_color=&#x201C;off&#x201C; border_color=&#x201C;#ffffff&#x201C; border_style=&#x201C;solid&#x201C; saved_tabs=&#x201C;all&#x201C; global_colors_info=&#x201C;{}&#x201C; sticky_enabled=&#x201C;0&#x2033;]<\/p>\n<p><strong>Vorklasse<\/strong><\/p>\n<p><a href=\"https:\/\/www.rwb-essen.de\/wp\/wp-content\/uploads\/2024\/11\/RWB-Flyer-Vorklasse-26-Website.pdf\"><img loading=\"lazy\" decoding=\"async\" src=\"https:\/\/www.rwb-essen.de\/wp\/wp-content\/uploads\/2024\/11\/RWB-Flyer-Vorklasse-04-26-Bild-300x212.png\" width=\"300\" height=\"212\" alt=\"\" class=\"wp-image-21919 alignnone size-medium\"\/><\/a><\/p>\n<p>[\/et_pb_toggle][\/et_pb_column][et_pb_column type=&#x201C;1_4&#x2033; _builder_version=&#x201C;3.25&#x2033; custom_padding=&#x201C;|||&#x201C; global_colors_info=&#x201C;{}&#x201C; custom_padding__hover=&#x201C;|||&#x201C;][\/et_pb_column][\/et_pb_row][\/et_pb_section][et_pb_section fb_built=&#x201C;1&#x2033; admin_label=&#x201C;section&#x201C; _builder_version=&#x201C;3.22&#x2033; global_colors_info=&#x201C;{}&#x201C;][et_pb_row admin_label=&#x201C;row&#x201C; _builder_version=&#x201C;3.25&#x2033; background_size=&#x201C;initial&#x201C; background_position=&#x201C;top_left&#x201C; background_repeat=&#x201C;repeat&#x201C; global_colors_info=&#x201C;{}&#x201C;][\/et_pb_row][\/et_pb_section][et_pb_section fb_built=&#x201C;1&#x2033; admin_label=&#x201C;section&#x201C; _builder_version=&#x201C;3.22&#x2033; global_colors_info=&#x201C;{}&#x201C;][et_pb_row admin_label=&#x201C;row&#x201C; _builder_version=&#x201C;3.25&#x2033; background_size=&#x201C;initial&#x201C; background_position=&#x201C;top_left&#x201C; background_repeat=&#x201C;repeat&#x201C; global_colors_info=&#x201C;{}&#x201C;][\/et_pb_row][\/et_pb_section]<\/p>\n","protected":false},"excerpt":{"rendered":"<p>Vorklasse (alt) Ihr Ziel ist die Allgemeine Hochschulreife (Abitur)?Ihnen fehlt jedoch die Berechtigung zum Besuch der gymnasialen Oberstufe? Dann sind sie in der Vorklasse zum Beruflichen Gymnasium richtig. &#xA0; Was m&#xFC;ssen Sie mitbringen?Sie ben&#xF6;tigen den Mittleren Schulabschluss (Realschulabschluss, Fachoberschulreife) ohne Berechtigung zum Besuch der gymnasialen Oberstufe. Welchen Abschluss bekommen Sie?Sie k&#xF6;nnen die Berechtigung zum Besuch [&#x2026;]<\/p>\n","protected":false},"author":6,"featured_media":0,"parent":6,"menu_order":4,"comment_status":"closed","ping_status":"closed","template":"","meta":{"_et_pb_use_builder":"on","_et_pb_old_content":"","_et_gb_content_width":"","footnotes":""},"class_list":["post-2108","page","type-page","status-publish","hentry"],"yoast_head":"<!-- This site is optimized with the Yoast SEO plugin v22.1 - https:\/\/yoast.com\/wordpress\/plugins\/seo\/ -->\n<title>Vorklasse (Berufliches Gymnasium) - RWB Essen<\/title>\n<meta name=\"robots\" content=\"index, follow, max-snippet:-1, max-image-preview:large, max-video-preview:-1\" \/>\n<link rel=\"canonical\" href=\"https:\/\/www.rwb-essen.de\/wp\/bildungsangebot\/vorklasse\/\" \/>\n<meta property=\"og:locale\" content=\"de_DE\" \/>\n<meta property=\"og:type\" content=\"article\" \/>\n<meta property=\"og:title\" content=\"Vorklasse (Berufliches Gymnasium) - RWB Essen\" \/>\n<meta property=\"og:description\" content=\"Vorklasse (alt) Ihr Ziel ist die Allgemeine Hochschulreife (Abitur)?Ihnen fehlt jedoch die Berechtigung zum Besuch der gymnasialen Oberstufe? Dann sind sie in der Vorklasse zum Beruflichen Gymnasium richtig. &#xA0; Was m&#xFC;ssen Sie mitbringen?Sie ben&#xF6;tigen den Mittleren Schulabschluss (Realschulabschluss, Fachoberschulreife) ohne Berechtigung zum Besuch der gymnasialen Oberstufe. Welchen Abschluss bekommen Sie?Sie k&#xF6;nnen die Berechtigung zum Besuch [&#x2026;]\" \/>\n<meta property=\"og:url\" content=\"https:\/\/www.rwb-essen.de\/wp\/bildungsangebot\/vorklasse\/\" \/>\n<meta property=\"og:site_name\" content=\"RWB Essen\" \/>\n<meta property=\"article:modified_time\" content=\"2026-04-04T18:31:10+00:00\" \/>\n<meta property=\"og:image\" content=\"https:\/\/www.rwb-essen.de\/wp\/wp-content\/uploads\/2026\/04\/RWB-Flyer-Vorklasse-04-26-V1-Bild-300x212.jpg\" \/>\n<meta name=\"twitter:card\" content=\"summary_large_image\" \/>\n<meta name=\"twitter:label1\" content=\"Gesch\u00e4tzte Lesezeit\" \/>\n\t<meta name=\"twitter:data1\" content=\"6\u00a0Minuten\" \/>\n<script type=\"application\/ld+json\" class=\"yoast-schema-graph\">{\"@context\":\"https:\/\/schema.org\",\"@graph\":[{\"@type\":\"WebPage\",\"@id\":\"https:\/\/www.rwb-essen.de\/wp\/bildungsangebot\/vorklasse\/\",\"url\":\"https:\/\/www.rwb-essen.de\/wp\/bildungsangebot\/vorklasse\/\",\"name\":\"Vorklasse (Berufliches Gymnasium) - RWB Essen\",\"isPartOf\":{\"@id\":\"https:\/\/www.rwb-essen.de\/wp\/#website\"},\"datePublished\":\"2016-01-18T13:42:55+00:00\",\"dateModified\":\"2026-04-04T18:31:10+00:00\",\"breadcrumb\":{\"@id\":\"https:\/\/www.rwb-essen.de\/wp\/bildungsangebot\/vorklasse\/#breadcrumb\"},\"inLanguage\":\"de\",\"potentialAction\":[{\"@type\":\"ReadAction\",\"target\":[\"https:\/\/www.rwb-essen.de\/wp\/bildungsangebot\/vorklasse\/\"]}]},{\"@type\":\"BreadcrumbList\",\"@id\":\"https:\/\/www.rwb-essen.de\/wp\/bildungsangebot\/vorklasse\/#breadcrumb\",\"itemListElement\":[{\"@type\":\"ListItem\",\"position\":1,\"name\":\"Startseite\",\"item\":\"https:\/\/www.rwb-essen.de\/wp\/\"},{\"@type\":\"ListItem\",\"position\":2,\"name\":\"Bildungsangebot\",\"item\":\"https:\/\/www.rwb-essen.de\/wp\/bildungsangebot\/\"},{\"@type\":\"ListItem\",\"position\":3,\"name\":\"Vorklasse (Berufliches Gymnasium)\"}]},{\"@type\":\"WebSite\",\"@id\":\"https:\/\/www.rwb-essen.de\/wp\/#website\",\"url\":\"https:\/\/www.rwb-essen.de\/wp\/\",\"name\":\"RWB Essen\",\"description\":\"Rheinisch-Westf\u00e4lisches Berufskolleg Essen, LVR-F\u00f6rderschule mit F\u00f6rderschwerpunkt H\u00f6ren und Kommunikation H\u00f6rgesch\u00e4digte\",\"publisher\":{\"@id\":\"https:\/\/www.rwb-essen.de\/wp\/#organization\"},\"potentialAction\":[{\"@type\":\"SearchAction\",\"target\":{\"@type\":\"EntryPoint\",\"urlTemplate\":\"https:\/\/www.rwb-essen.de\/wp\/?s={search_term_string}\"},\"query-input\":\"required name=search_term_string\"}],\"inLanguage\":\"de\"},{\"@type\":\"Organization\",\"@id\":\"https:\/\/www.rwb-essen.de\/wp\/#organization\",\"name\":\"RWB Essen\",\"url\":\"https:\/\/www.rwb-essen.de\/wp\/\",\"logo\":{\"@type\":\"ImageObject\",\"inLanguage\":\"de\",\"@id\":\"https:\/\/www.rwb-essen.de\/wp\/#\/schema\/logo\/image\/\",\"url\":\"https:\/\/www.rwb-essen.de\/wp\/wp-content\/uploads\/2015\/09\/Logo_neu_72.png\",\"contentUrl\":\"https:\/\/www.rwb-essen.de\/wp\/wp-content\/uploads\/2015\/09\/Logo_neu_72.png\",\"width\":310,\"height\":162,\"caption\":\"RWB Essen\"},\"image\":{\"@id\":\"https:\/\/www.rwb-essen.de\/wp\/#\/schema\/logo\/image\/\"}}]}<\/script>\n<!-- \/ Yoast SEO plugin. -->","yoast_head_json":{"title":"Vorklasse (Berufliches Gymnasium) - RWB Essen","robots":{"index":"index","follow":"follow","max-snippet":"max-snippet:-1","max-image-preview":"max-image-preview:large","max-video-preview":"max-video-preview:-1"},"canonical":"https:\/\/www.rwb-essen.de\/wp\/bildungsangebot\/vorklasse\/","og_locale":"de_DE","og_type":"article","og_title":"Vorklasse (Berufliches Gymnasium) - RWB Essen","og_description":"Vorklasse (alt) Ihr Ziel ist die Allgemeine Hochschulreife (Abitur)?Ihnen fehlt jedoch die Berechtigung zum Besuch der gymnasialen Oberstufe? Dann sind sie in der Vorklasse zum Beruflichen Gymnasium richtig. &#xA0; Was m&#xFC;ssen Sie mitbringen?Sie ben&#xF6;tigen den Mittleren Schulabschluss (Realschulabschluss, Fachoberschulreife) ohne Berechtigung zum Besuch der gymnasialen Oberstufe. Welchen Abschluss bekommen Sie?Sie k&#xF6;nnen die Berechtigung zum Besuch [&#x2026;]","og_url":"https:\/\/www.rwb-essen.de\/wp\/bildungsangebot\/vorklasse\/","og_site_name":"RWB Essen","article_modified_time":"2026-04-04T18:31:10+00:00","og_image":[{"url":"https:\/\/www.rwb-essen.de\/wp\/wp-content\/uploads\/2026\/04\/RWB-Flyer-Vorklasse-04-26-V1-Bild-300x212.jpg"}],"twitter_card":"summary_large_image","twitter_misc":{"Gesch\u00e4tzte Lesezeit":"6\u00a0Minuten"},"schema":{"@context":"https:\/\/schema.org","@graph":[{"@type":"WebPage","@id":"https:\/\/www.rwb-essen.de\/wp\/bildungsangebot\/vorklasse\/","url":"https:\/\/www.rwb-essen.de\/wp\/bildungsangebot\/vorklasse\/","name":"Vorklasse (Berufliches Gymnasium) - RWB Essen","isPartOf":{"@id":"https:\/\/www.rwb-essen.de\/wp\/#website"},"datePublished":"2016-01-18T13:42:55+00:00","dateModified":"2026-04-04T18:31:10+00:00","breadcrumb":{"@id":"https:\/\/www.rwb-essen.de\/wp\/bildungsangebot\/vorklasse\/#breadcrumb"},"inLanguage":"de","potentialAction":[{"@type":"ReadAction","target":["https:\/\/www.rwb-essen.de\/wp\/bildungsangebot\/vorklasse\/"]}]},{"@type":"BreadcrumbList","@id":"https:\/\/www.rwb-essen.de\/wp\/bildungsangebot\/vorklasse\/#breadcrumb","itemListElement":[{"@type":"ListItem","position":1,"name":"Startseite","item":"https:\/\/www.rwb-essen.de\/wp\/"},{"@type":"ListItem","position":2,"name":"Bildungsangebot","item":"https:\/\/www.rwb-essen.de\/wp\/bildungsangebot\/"},{"@type":"ListItem","position":3,"name":"Vorklasse (Berufliches Gymnasium)"}]},{"@type":"WebSite","@id":"https:\/\/www.rwb-essen.de\/wp\/#website","url":"https:\/\/www.rwb-essen.de\/wp\/","name":"RWB Essen","description":"Rheinisch-Westf\u00e4lisches Berufskolleg Essen, LVR-F\u00f6rderschule mit F\u00f6rderschwerpunkt H\u00f6ren und Kommunikation H\u00f6rgesch\u00e4digte","publisher":{"@id":"https:\/\/www.rwb-essen.de\/wp\/#organization"},"potentialAction":[{"@type":"SearchAction","target":{"@type":"EntryPoint","urlTemplate":"https:\/\/www.rwb-essen.de\/wp\/?s={search_term_string}"},"query-input":"required name=search_term_string"}],"inLanguage":"de"},{"@type":"Organization","@id":"https:\/\/www.rwb-essen.de\/wp\/#organization","name":"RWB Essen","url":"https:\/\/www.rwb-essen.de\/wp\/","logo":{"@type":"ImageObject","inLanguage":"de","@id":"https:\/\/www.rwb-essen.de\/wp\/#\/schema\/logo\/image\/","url":"https:\/\/www.rwb-essen.de\/wp\/wp-content\/uploads\/2015\/09\/Logo_neu_72.png","contentUrl":"https:\/\/www.rwb-essen.de\/wp\/wp-content\/uploads\/2015\/09\/Logo_neu_72.png","width":310,"height":162,"caption":"RWB Essen"},"image":{"@id":"https:\/\/www.rwb-essen.de\/wp\/#\/schema\/logo\/image\/"}}]}},"_links":{"self":[{"href":"https:\/\/www.rwb-essen.de\/wp\/wp-json\/wp\/v2\/pages\/2108","targetHints":{"allow":["GET"]}}],"collection":[{"href":"https:\/\/www.rwb-essen.de\/wp\/wp-json\/wp\/v2\/pages"}],"about":[{"href":"https:\/\/www.rwb-essen.de\/wp\/wp-json\/wp\/v2\/types\/page"}],"author":[{"embeddable":true,"href":"https:\/\/www.rwb-essen.de\/wp\/wp-json\/wp\/v2\/users\/6"}],"replies":[{"embeddable":true,"href":"https:\/\/www.rwb-essen.de\/wp\/wp-json\/wp\/v2\/comments?post=2108"}],"version-history":[{"count":59,"href":"https:\/\/www.rwb-essen.de\/wp\/wp-json\/wp\/v2\/pages\/2108\/revisions"}],"predecessor-version":[{"id":21924,"href":"https:\/\/www.rwb-essen.de\/wp\/wp-json\/wp\/v2\/pages\/2108\/revisions\/21924"}],"up":[{"embeddable":true,"href":"https:\/\/www.rwb-essen.de\/wp\/wp-json\/wp\/v2\/pages\/6"}],"wp:attachment":[{"href":"https:\/\/www.rwb-essen.de\/wp\/wp-json\/wp\/v2\/media?parent=2108"}],"curies":[{"name":"wp","href":"https:\/\/api.w.org\/{rel}","templated":true}]}}