{"id":15125,"date":"2022-11-16T17:31:15","date_gmt":"2022-11-16T16:31:15","guid":{"rendered":"https:\/\/www.rwb-essen.de\/wp\/?page_id=15125"},"modified":"2024-02-24T17:41:25","modified_gmt":"2024-02-24T16:41:25","slug":"ipad-informationen-ausleihe-faqs-vertrag","status":"publish","type":"page","link":"https:\/\/www.rwb-essen.de\/wp\/ipad-informationen-ausleihe-faqs-vertrag\/","title":{"rendered":"Informationen zur iPad-Ausleihe FAQs und Vertrag"},"content":{"rendered":"<p>[et_pb_section fb_built=&#x201C;1&#x2033; _builder_version=&#x201C;4.10.8&#x2033; _module_preset=&#x201C;default&#x201C; background_image=&#x201C;https:\/\/www.rwb-essen.de\/wp\/wp-content\/uploads\/2024\/02\/rwb-essen-hintergrundbild-abstrakt-heller-2.jpg&#x201C; background_position=&#x201C;top_center&#x201C; hover_enabled=&#x201C;0&#x2033; global_colors_info=&#x201C;{}&#x201C; title_text=&#x201C;rwb-essen-hintergrundbild-abstrakt-heller-2&#x2033; sticky_enabled=&#x201C;0&#x2033;][et_pb_row column_structure=&#x201C;1_2,1_2&#x2033; _builder_version=&#x201C;4.10.8&#x2033; _module_preset=&#x201C;default&#x201C; background_enable_image=&#x201C;off&#x201C; global_colors_info=&#x201C;{}&#x201C;][et_pb_column type=&#x201C;1_2&#x2033; _builder_version=&#x201C;4.10.8&#x2033; _module_preset=&#x201C;default&#x201C; global_colors_info=&#x201C;{}&#x201C;][et_pb_text _builder_version=&#x201C;4.10.8&#x2033; _module_preset=&#x201C;default&#x201C; background_color=&#x201C;rgba(255,255,255,0.82)&#x201C; custom_padding=&#x201C;20px|20px|20px|20px|false|false&#x201C; global_colors_info=&#x201C;{}&#x201C;]<\/p>\n<h3>Informationen zur Ausleihe eines iPads<\/h3>\n<p>Hier finden sie alle wichtigen Informationen zur Ausleihe eines iPads f&#xFC;r Sch&#xFC;ler:innen am RWB Essen.<\/p>\n<p><strong><a href=\"https:\/\/www.rwb-essen.de\/wp\/wp-content\/uploads\/2023\/02\/RWB_Essen-iPad-Ausleihe-FAQ-Text.pdf\" target=\"_blank\" rel=\"noopener\">FAQs (H&#xE4;ufig gestellte Fragen)<\/a><\/strong><\/p>\n<p><strong><a href=\"https:\/\/www.rwb-essen.de\/wp\/wp-content\/uploads\/2023\/02\/RWB_Essen-iPad-Ausleihe_-Nutzungsbedingungen-Text.pdf\" target=\"_blank\" rel=\"noopener\">Nutzungsbedingungen des Vertrags zur Ausleihe eines iPads <\/a><br><\/strong><a href=\"https:\/\/www.rwb-essen.de\/wp\/wp-content\/uploads\/2022\/11\/Vertrag-fu&#x308;r-die-Ausleihe-eines-iPads.pdf\"><strong><\/strong><\/a>(Diese Datei ist nur zur Ansicht, der Originalvertrag mit den Nutzungsbedingungen wird Ihnen pers&#xF6;nlich ausgeh&#xE4;ndigt.)<\/p>\n<p>[\/et_pb_text][\/et_pb_column][et_pb_column type=&#x201C;1_2&#x2033; _builder_version=&#x201C;4.10.8&#x2033; _module_preset=&#x201C;default&#x201C; global_colors_info=&#x201C;{}&#x201C;][et_pb_blurb title=&#x201C;FAQs als DGS-Video&#x201C; disabled_on=&#x201C;off|off|off&#x201C; _builder_version=&#x201C;4.10.8&#x2033; _module_preset=&#x201C;default&#x201C; global_colors_info=&#x201C;{}&#x201C;][\/et_pb_blurb][et_pb_text _builder_version=&#x201C;4.10.8&#x2033; _module_preset=&#x201C;default&#x201C; global_colors_info=&#x201C;{}&#x201C;]<iframe loading=\"lazy\" width=\"560\" height=\"315\" src=\"https:\/\/www.youtube-nocookie.com\/embed\/wnUuw-XnW1c\" title=\"YouTube video player\" frameborder=\"0\" allow=\"accelerometer; autoplay; clipboard-write; encrypted-media; gyroscope; picture-in-picture\" allowfullscreen><\/iframe>[\/et_pb_text][et_pb_blurb title=&#x201C;Nutzungsbedingungen des Vertrags als DGS-Video&#x201C; disabled_on=&#x201C;off|off|off&#x201C; _builder_version=&#x201C;4.10.8&#x2033; _module_preset=&#x201C;default&#x201C; custom_margin=&#x201C;50px||||false|false&#x201C; global_colors_info=&#x201C;{}&#x201C;][\/et_pb_blurb][et_pb_text _builder_version=&#x201C;4.10.8&#x2033; _module_preset=&#x201C;default&#x201C; global_colors_info=&#x201C;{}&#x201C;]<iframe loading=\"lazy\" width=\"560\" height=\"315\" src=\"https:\/\/www.youtube-nocookie.com\/embed\/UtCFBYjP56w\" title=\"YouTube video player\" frameborder=\"0\" allow=\"accelerometer; autoplay; clipboard-write; encrypted-media; gyroscope; picture-in-picture\" allowfullscreen><\/iframe>[\/et_pb_text][\/et_pb_column][\/et_pb_row][\/et_pb_section]<\/p>\n","protected":false},"excerpt":{"rendered":"<p>Informationen zur Ausleihe eines iPads Hier finden sie alle wichtigen Informationen zur Ausleihe eines iPads f&#xFC;r Sch&#xFC;ler:innen am RWB Essen. FAQs (H&#xE4;ufig gestellte Fragen) Nutzungsbedingungen des Vertrags zur Ausleihe eines iPads (Diese Datei ist nur zur Ansicht, der Originalvertrag mit den Nutzungsbedingungen wird Ihnen pers&#xF6;nlich ausgeh&#xE4;ndigt.)<\/p>\n","protected":false},"author":6,"featured_media":0,"parent":0,"menu_order":0,"comment_status":"closed","ping_status":"closed","template":"","meta":{"_et_pb_use_builder":"on","_et_pb_old_content":"","_et_gb_content_width":"","footnotes":""},"class_list":["post-15125","page","type-page","status-publish","hentry"],"yoast_head":"<!-- This site is optimized with the Yoast SEO plugin v22.1 - https:\/\/yoast.com\/wordpress\/plugins\/seo\/ -->\n<title>Informationen zur iPad-Ausleihe FAQs und Vertrag - RWB Essen<\/title>\n<meta name=\"robots\" content=\"index, follow, max-snippet:-1, max-image-preview:large, max-video-preview:-1\" \/>\n<link rel=\"canonical\" href=\"https:\/\/www.rwb-essen.de\/wp\/ipad-informationen-ausleihe-faqs-vertrag\/\" \/>\n<meta property=\"og:locale\" content=\"de_DE\" \/>\n<meta property=\"og:type\" content=\"article\" \/>\n<meta property=\"og:title\" content=\"Informationen zur iPad-Ausleihe FAQs und Vertrag - RWB Essen\" \/>\n<meta property=\"og:description\" content=\"Informationen zur Ausleihe eines iPads Hier finden sie alle wichtigen Informationen zur Ausleihe eines iPads f&#xFC;r Sch&#xFC;ler:innen am RWB Essen. FAQs (H&#xE4;ufig gestellte Fragen) Nutzungsbedingungen des Vertrags zur Ausleihe eines iPads (Diese Datei ist nur zur Ansicht, der Originalvertrag mit den Nutzungsbedingungen wird Ihnen pers&#xF6;nlich ausgeh&#xE4;ndigt.)\" \/>\n<meta property=\"og:url\" content=\"https:\/\/www.rwb-essen.de\/wp\/ipad-informationen-ausleihe-faqs-vertrag\/\" \/>\n<meta property=\"og:site_name\" content=\"RWB Essen\" \/>\n<meta property=\"article:modified_time\" content=\"2024-02-24T16:41:25+00:00\" \/>\n<meta name=\"twitter:card\" content=\"summary_large_image\" \/>\n<meta name=\"twitter:label1\" content=\"Gesch\u00e4tzte Lesezeit\" \/>\n\t<meta name=\"twitter:data1\" content=\"5\u00a0Minuten\" \/>\n<script type=\"application\/ld+json\" class=\"yoast-schema-graph\">{\"@context\":\"https:\/\/schema.org\",\"@graph\":[{\"@type\":\"WebPage\",\"@id\":\"https:\/\/www.rwb-essen.de\/wp\/ipad-informationen-ausleihe-faqs-vertrag\/\",\"url\":\"https:\/\/www.rwb-essen.de\/wp\/ipad-informationen-ausleihe-faqs-vertrag\/\",\"name\":\"Informationen zur iPad-Ausleihe FAQs und Vertrag - RWB Essen\",\"isPartOf\":{\"@id\":\"https:\/\/www.rwb-essen.de\/wp\/#website\"},\"datePublished\":\"2022-11-16T16:31:15+00:00\",\"dateModified\":\"2024-02-24T16:41:25+00:00\",\"breadcrumb\":{\"@id\":\"https:\/\/www.rwb-essen.de\/wp\/ipad-informationen-ausleihe-faqs-vertrag\/#breadcrumb\"},\"inLanguage\":\"de\",\"potentialAction\":[{\"@type\":\"ReadAction\",\"target\":[\"https:\/\/www.rwb-essen.de\/wp\/ipad-informationen-ausleihe-faqs-vertrag\/\"]}]},{\"@type\":\"BreadcrumbList\",\"@id\":\"https:\/\/www.rwb-essen.de\/wp\/ipad-informationen-ausleihe-faqs-vertrag\/#breadcrumb\",\"itemListElement\":[{\"@type\":\"ListItem\",\"position\":1,\"name\":\"Startseite\",\"item\":\"https:\/\/www.rwb-essen.de\/wp\/\"},{\"@type\":\"ListItem\",\"position\":2,\"name\":\"Informationen zur iPad-Ausleihe FAQs und Vertrag\"}]},{\"@type\":\"WebSite\",\"@id\":\"https:\/\/www.rwb-essen.de\/wp\/#website\",\"url\":\"https:\/\/www.rwb-essen.de\/wp\/\",\"name\":\"RWB Essen\",\"description\":\"Rheinisch-Westf\u00e4lisches Berufskolleg Essen, LVR-F\u00f6rderschule mit F\u00f6rderschwerpunkt H\u00f6ren und Kommunikation H\u00f6rgesch\u00e4digte\",\"publisher\":{\"@id\":\"https:\/\/www.rwb-essen.de\/wp\/#organization\"},\"potentialAction\":[{\"@type\":\"SearchAction\",\"target\":{\"@type\":\"EntryPoint\",\"urlTemplate\":\"https:\/\/www.rwb-essen.de\/wp\/?s={search_term_string}\"},\"query-input\":\"required name=search_term_string\"}],\"inLanguage\":\"de\"},{\"@type\":\"Organization\",\"@id\":\"https:\/\/www.rwb-essen.de\/wp\/#organization\",\"name\":\"RWB Essen\",\"url\":\"https:\/\/www.rwb-essen.de\/wp\/\",\"logo\":{\"@type\":\"ImageObject\",\"inLanguage\":\"de\",\"@id\":\"https:\/\/www.rwb-essen.de\/wp\/#\/schema\/logo\/image\/\",\"url\":\"https:\/\/www.rwb-essen.de\/wp\/wp-content\/uploads\/2015\/09\/Logo_neu_72.png\",\"contentUrl\":\"https:\/\/www.rwb-essen.de\/wp\/wp-content\/uploads\/2015\/09\/Logo_neu_72.png\",\"width\":310,\"height\":162,\"caption\":\"RWB Essen\"},\"image\":{\"@id\":\"https:\/\/www.rwb-essen.de\/wp\/#\/schema\/logo\/image\/\"}}]}<\/script>\n<!-- \/ Yoast SEO plugin. -->","yoast_head_json":{"title":"Informationen zur iPad-Ausleihe FAQs und Vertrag - RWB Essen","robots":{"index":"index","follow":"follow","max-snippet":"max-snippet:-1","max-image-preview":"max-image-preview:large","max-video-preview":"max-video-preview:-1"},"canonical":"https:\/\/www.rwb-essen.de\/wp\/ipad-informationen-ausleihe-faqs-vertrag\/","og_locale":"de_DE","og_type":"article","og_title":"Informationen zur iPad-Ausleihe FAQs und Vertrag - RWB Essen","og_description":"Informationen zur Ausleihe eines iPads Hier finden sie alle wichtigen Informationen zur Ausleihe eines iPads f&#xFC;r Sch&#xFC;ler:innen am RWB Essen. FAQs (H&#xE4;ufig gestellte Fragen) Nutzungsbedingungen des Vertrags zur Ausleihe eines iPads (Diese Datei ist nur zur Ansicht, der Originalvertrag mit den Nutzungsbedingungen wird Ihnen pers&#xF6;nlich ausgeh&#xE4;ndigt.)","og_url":"https:\/\/www.rwb-essen.de\/wp\/ipad-informationen-ausleihe-faqs-vertrag\/","og_site_name":"RWB Essen","article_modified_time":"2024-02-24T16:41:25+00:00","twitter_card":"summary_large_image","twitter_misc":{"Gesch\u00e4tzte Lesezeit":"5\u00a0Minuten"},"schema":{"@context":"https:\/\/schema.org","@graph":[{"@type":"WebPage","@id":"https:\/\/www.rwb-essen.de\/wp\/ipad-informationen-ausleihe-faqs-vertrag\/","url":"https:\/\/www.rwb-essen.de\/wp\/ipad-informationen-ausleihe-faqs-vertrag\/","name":"Informationen zur iPad-Ausleihe FAQs und Vertrag - RWB Essen","isPartOf":{"@id":"https:\/\/www.rwb-essen.de\/wp\/#website"},"datePublished":"2022-11-16T16:31:15+00:00","dateModified":"2024-02-24T16:41:25+00:00","breadcrumb":{"@id":"https:\/\/www.rwb-essen.de\/wp\/ipad-informationen-ausleihe-faqs-vertrag\/#breadcrumb"},"inLanguage":"de","potentialAction":[{"@type":"ReadAction","target":["https:\/\/www.rwb-essen.de\/wp\/ipad-informationen-ausleihe-faqs-vertrag\/"]}]},{"@type":"BreadcrumbList","@id":"https:\/\/www.rwb-essen.de\/wp\/ipad-informationen-ausleihe-faqs-vertrag\/#breadcrumb","itemListElement":[{"@type":"ListItem","position":1,"name":"Startseite","item":"https:\/\/www.rwb-essen.de\/wp\/"},{"@type":"ListItem","position":2,"name":"Informationen zur iPad-Ausleihe FAQs und Vertrag"}]},{"@type":"WebSite","@id":"https:\/\/www.rwb-essen.de\/wp\/#website","url":"https:\/\/www.rwb-essen.de\/wp\/","name":"RWB Essen","description":"Rheinisch-Westf\u00e4lisches Berufskolleg Essen, LVR-F\u00f6rderschule mit F\u00f6rderschwerpunkt H\u00f6ren und Kommunikation H\u00f6rgesch\u00e4digte","publisher":{"@id":"https:\/\/www.rwb-essen.de\/wp\/#organization"},"potentialAction":[{"@type":"SearchAction","target":{"@type":"EntryPoint","urlTemplate":"https:\/\/www.rwb-essen.de\/wp\/?s={search_term_string}"},"query-input":"required name=search_term_string"}],"inLanguage":"de"},{"@type":"Organization","@id":"https:\/\/www.rwb-essen.de\/wp\/#organization","name":"RWB Essen","url":"https:\/\/www.rwb-essen.de\/wp\/","logo":{"@type":"ImageObject","inLanguage":"de","@id":"https:\/\/www.rwb-essen.de\/wp\/#\/schema\/logo\/image\/","url":"https:\/\/www.rwb-essen.de\/wp\/wp-content\/uploads\/2015\/09\/Logo_neu_72.png","contentUrl":"https:\/\/www.rwb-essen.de\/wp\/wp-content\/uploads\/2015\/09\/Logo_neu_72.png","width":310,"height":162,"caption":"RWB Essen"},"image":{"@id":"https:\/\/www.rwb-essen.de\/wp\/#\/schema\/logo\/image\/"}}]}},"_links":{"self":[{"href":"https:\/\/www.rwb-essen.de\/wp\/wp-json\/wp\/v2\/pages\/15125","targetHints":{"allow":["GET"]}}],"collection":[{"href":"https:\/\/www.rwb-essen.de\/wp\/wp-json\/wp\/v2\/pages"}],"about":[{"href":"https:\/\/www.rwb-essen.de\/wp\/wp-json\/wp\/v2\/types\/page"}],"author":[{"embeddable":true,"href":"https:\/\/www.rwb-essen.de\/wp\/wp-json\/wp\/v2\/users\/6"}],"replies":[{"embeddable":true,"href":"https:\/\/www.rwb-essen.de\/wp\/wp-json\/wp\/v2\/comments?post=15125"}],"version-history":[{"count":115,"href":"https:\/\/www.rwb-essen.de\/wp\/wp-json\/wp\/v2\/pages\/15125\/revisions"}],"predecessor-version":[{"id":17489,"href":"https:\/\/www.rwb-essen.de\/wp\/wp-json\/wp\/v2\/pages\/15125\/revisions\/17489"}],"wp:attachment":[{"href":"https:\/\/www.rwb-essen.de\/wp\/wp-json\/wp\/v2\/media?parent=15125"}],"curies":[{"name":"wp","href":"https:\/\/api.w.org\/{rel}","templated":true}]}}