{"id":11147,"date":"2020-11-26T16:29:08","date_gmt":"2020-11-26T15:29:08","guid":{"rendered":"https:\/\/www.rwb-essen.de\/wp\/?page_id=11147"},"modified":"2025-09-27T20:42:17","modified_gmt":"2025-09-27T18:42:17","slug":"bildungsangebot-2","status":"publish","type":"page","link":"https:\/\/www.rwb-essen.de\/wp\/bildungsangebot-2\/","title":{"rendered":"Bildungsangebot"},"content":{"rendered":"<p>[et_pb_section fb_built=&#x201C;1&#x2033; admin_label=&#x201C;section&#x201C; _builder_version=&#x201C;4.10.8&#x2033; background_image=&#x201C;https:\/\/www.rwb-essen.de\/wp\/wp-content\/uploads\/2024\/02\/rwb-essen-hintergrundbild-abstrakt-heller-2.jpg&#x201C; global_colors_info=&#x201C;{}&#x201C;][et_pb_row padding_mobile=&#x201C;off&#x201C; column_padding_mobile=&#x201C;on&#x201C; admin_label=&#x201C;row&#x201C; _builder_version=&#x201C;3.25&#x2033; background_size=&#x201C;initial&#x201C; background_position=&#x201C;top_left&#x201C; background_repeat=&#x201C;repeat&#x201C; make_fullwidth=&#x201C;off&#x201C; use_custom_width=&#x201C;off&#x201C; width_unit=&#x201C;on&#x201C; global_colors_info=&#x201C;{}&#x201C;][et_pb_column type=&#x201C;4_4&#x2033; _builder_version=&#x201C;3.25&#x2033; custom_padding=&#x201C;|||&#x201C; global_colors_info=&#x201C;{}&#x201C; custom_padding__hover=&#x201C;|||&#x201C;][et_pb_button button_url=&#x201C;https:\/\/www.rwb-essen.de\/wp\/bildungsangebot\/berufsschule\/&#x201C; button_text=&#x201C;Berufsschule (Fachklassen im dualen System)&#x201C; button_alignment=&#x201C;left&#x201C; _builder_version=&#x201C;4.10.8&#x2033; _module_preset=&#x201C;default&#x201C; custom_button=&#x201C;on&#x201C; button_text_size=&#x201C;14px&#x201C; button_text_color=&#x201C;#FFFFFF&#x201C; button_border_width=&#x201C;0px&#x201C; button_border_color=&#x201C;#FFFFFF&#x201C; button_border_radius=&#x201C;15px&#x201C; button_font=&#x201C;|600|||||||&#x201C; button_icon=&#x201C;%%24%%&#x201C; transform_translate=&#x201C;-4px|0px&#x201C; background_layout=&#x201C;dark&#x201C; custom_margin=&#x201C;0px||||false|false&#x201C; custom_padding=&#x201C;12px|18px|12px|18px|true|true&#x201C; animation_style=&#x201C;zoom&#x201C; animation_direction=&#x201C;left&#x201C; box_shadow_style=&#x201C;preset1&#x2033; box_shadow_color=&#x201C;#707070&#x2033; global_colors_info=&#x201C;{}&#x201C;][\/et_pb_button][et_pb_button button_url=&#x201C;https:\/\/www.rwb-essen.de\/wp\/index.php\/bildungsangebot\/ausbildungsvorbereitung\/&#x201C; button_text=&#x201C;Ausbildungsvorbereitung&#x201C; button_alignment=&#x201C;left&#x201C; _builder_version=&#x201C;4.10.8&#x2033; _module_preset=&#x201C;default&#x201C; custom_button=&#x201C;on&#x201C; button_text_size=&#x201C;14px&#x201C; button_text_color=&#x201C;#FFFFFF&#x201C; button_border_width=&#x201C;0px&#x201C; button_border_color=&#x201C;#FFFFFF&#x201C; button_border_radius=&#x201C;15px&#x201C; button_font=&#x201C;|600|||||||&#x201C; button_icon=&#x201C;%%24%%&#x201C; transform_translate=&#x201C;-4px|0px&#x201C; background_layout=&#x201C;dark&#x201C; custom_margin=&#x201C;0px||||false|false&#x201C; custom_padding=&#x201C;12px|18px|12px|18px|true|true&#x201C; animation_style=&#x201C;zoom&#x201C; animation_direction=&#x201C;left&#x201C; box_shadow_style=&#x201C;preset1&#x2033; box_shadow_color=&#x201C;#707070&#x2033; global_colors_info=&#x201C;{}&#x201C;][\/et_pb_button][et_pb_button button_url=&#x201C;https:\/\/www.rwb-essen.de\/wp\/bildungsangebot-2\/ausbildungsvorbereitung-teilzeitform\/&#x201C; button_text=&#x201C;Ausbildungsvorbereitung (Teilzeitform)&#x201C; button_alignment=&#x201C;left&#x201C; _builder_version=&#x201C;4.10.8&#x2033; _module_preset=&#x201C;default&#x201C; custom_button=&#x201C;on&#x201C; button_text_size=&#x201C;14px&#x201C; button_text_color=&#x201C;#FFFFFF&#x201C; button_border_width=&#x201C;0px&#x201C; button_border_color=&#x201C;#FFFFFF&#x201C; button_border_radius=&#x201C;15px&#x201C; button_font=&#x201C;|600|||||||&#x201C; button_icon=&#x201C;%%24%%&#x201C; transform_translate=&#x201C;-4px|0px&#x201C; background_layout=&#x201C;dark&#x201C; custom_margin=&#x201C;0px||||false|false&#x201C; custom_padding=&#x201C;12px|18px|12px|18px|true|true&#x201C; animation_style=&#x201C;zoom&#x201C; animation_direction=&#x201C;left&#x201C; hover_enabled=&#x201C;0&#x2033; box_shadow_style=&#x201C;preset1&#x2033; box_shadow_color=&#x201C;#707070&#x2033; global_colors_info=&#x201C;{}&#x201C; sticky_enabled=&#x201C;0&#x2033;][\/et_pb_button][et_pb_button button_url=&#x201C;https:\/\/www.rwb-essen.de\/wp\/index.php\/bildungsangebot\/berufsfachschule\/&#x201C; button_text=&#x201C;Einj&#xE4;hrige Berufsfachschule&#x201C; button_alignment=&#x201C;left&#x201C; _builder_version=&#x201C;4.10.8&#x2033; _module_preset=&#x201C;default&#x201C; custom_button=&#x201C;on&#x201C; button_text_size=&#x201C;14px&#x201C; button_text_color=&#x201C;#FFFFFF&#x201C; button_border_width=&#x201C;0px&#x201C; button_border_color=&#x201C;#FFFFFF&#x201C; button_border_radius=&#x201C;15px&#x201C; button_font=&#x201C;|600|||||||&#x201C; button_icon=&#x201C;%%24%%&#x201C; transform_translate=&#x201C;-4px|0px&#x201C; background_layout=&#x201C;dark&#x201C; custom_margin=&#x201C;0px||||false|false&#x201C; custom_padding=&#x201C;12px|18px|12px|18px|true|true&#x201C; animation_style=&#x201C;zoom&#x201C; animation_direction=&#x201C;left&#x201C; box_shadow_style=&#x201C;preset1&#x2033; box_shadow_color=&#x201C;#707070&#x2033; global_colors_info=&#x201C;{}&#x201C;][\/et_pb_button][et_pb_button button_url=&#x201C;https:\/\/www.rwb-essen.de\/wp\/index.php\/bildungsangebot\/zweijaehrige-berufsfachschule\/&#x201C; button_text=&#x201C;Zweij&#xE4;hrige Berufsfachschule&#x201C; button_alignment=&#x201C;left&#x201C; _builder_version=&#x201C;4.10.8&#x2033; _module_preset=&#x201C;default&#x201C; custom_button=&#x201C;on&#x201C; button_text_size=&#x201C;14px&#x201C; button_text_color=&#x201C;#FFFFFF&#x201C; button_border_width=&#x201C;0px&#x201C; button_border_color=&#x201C;#FFFFFF&#x201C; button_border_radius=&#x201C;15px&#x201C; button_font=&#x201C;|600|||||||&#x201C; button_icon=&#x201C;%%24%%&#x201C; transform_translate=&#x201C;-4px|0px&#x201C; background_layout=&#x201C;dark&#x201C; custom_margin=&#x201C;0px||||false|false&#x201C; custom_padding=&#x201C;12px|18px|12px|18px|true|true&#x201C; animation_style=&#x201C;zoom&#x201C; animation_direction=&#x201C;left&#x201C; box_shadow_style=&#x201C;preset1&#x2033; box_shadow_color=&#x201C;#707070&#x2033; global_colors_info=&#x201C;{}&#x201C;][\/et_pb_button][et_pb_button button_url=&#x201C;https:\/\/www.rwb-essen.de\/wp\/index.php\/bildungsangebot\/berufliches-gymnasium\/&#x201C; button_text=&#x201C;Berufliches Gymnasium&#x201C; button_alignment=&#x201C;left&#x201C; _builder_version=&#x201C;4.10.8&#x2033; _module_preset=&#x201C;default&#x201C; custom_button=&#x201C;on&#x201C; button_text_size=&#x201C;14px&#x201C; button_text_color=&#x201C;#FFFFFF&#x201C; button_border_width=&#x201C;0px&#x201C; button_border_color=&#x201C;#FFFFFF&#x201C; button_border_radius=&#x201C;15px&#x201C; button_font=&#x201C;|600|||||||&#x201C; button_icon=&#x201C;%%24%%&#x201C; transform_translate=&#x201C;-4px|0px&#x201C; background_layout=&#x201C;dark&#x201C; custom_margin=&#x201C;0px||||false|false&#x201C; custom_padding=&#x201C;12px|18px|12px|18px|true|true&#x201C; animation_style=&#x201C;zoom&#x201C; animation_direction=&#x201C;left&#x201C; box_shadow_style=&#x201C;preset1&#x2033; box_shadow_color=&#x201C;#707070&#x2033; global_colors_info=&#x201C;{}&#x201C;][\/et_pb_button][et_pb_button button_url=&#x201C;https:\/\/www.rwb-essen.de\/wp\/index.php\/bildungsangebot\/fachschulen\/&#x201C; button_text=&#x201C;Fachschule&#x201C; button_alignment=&#x201C;left&#x201C; disabled_on=&#x201C;on|on|on&#x201C; _builder_version=&#x201C;4.10.8&#x2033; _module_preset=&#x201C;default&#x201C; custom_button=&#x201C;on&#x201C; button_text_size=&#x201C;14px&#x201C; button_text_color=&#x201C;#FFFFFF&#x201C; button_border_width=&#x201C;0px&#x201C; button_border_color=&#x201C;#FFFFFF&#x201C; button_border_radius=&#x201C;15px&#x201C; button_font=&#x201C;|600|||||||&#x201C; button_icon=&#x201C;%%24%%&#x201C; transform_translate=&#x201C;-4px|0px&#x201C; background_layout=&#x201C;dark&#x201C; custom_margin=&#x201C;0px||||false|false&#x201C; custom_padding=&#x201C;12px|18px|12px|18px|true|true&#x201C; animation_style=&#x201C;zoom&#x201C; animation_direction=&#x201C;left&#x201C; box_shadow_style=&#x201C;preset1&#x2033; box_shadow_color=&#x201C;#707070&#x2033; disabled=&#x201C;on&#x201C; global_colors_info=&#x201C;{}&#x201C;][\/et_pb_button][et_pb_text disabled_on=&#x201C;on|on|on&#x201C; admin_label=&#x201C;Text&#x201C; _builder_version=&#x201C;4.10.8&#x2033; background_color=&#x201C;rgba(250,250,250,0.85)&#x201C; background_size=&#x201C;initial&#x201C; background_position=&#x201C;top_left&#x201C; background_repeat=&#x201C;repeat&#x201C; custom_padding=&#x201C;20px|20px|20px|20px|false|false&#x201C; use_border_color=&#x201C;off&#x201C; border_color=&#x201C;#ffffff&#x201C; border_style=&#x201C;solid&#x201C; disabled=&#x201C;on&#x201C; global_colors_info=&#x201C;{}&#x201C;]<\/p>\n<p><strong><a href=\"https:\/\/www.rwb-essen.de\/wp\/index.php\/berufsschule\/berufsschule\/\">Berufsschule (Fachklassen im dualen System)<\/a><\/strong><\/p>\n<p>&#xA0;<\/p>\n<p><strong><a href=\"https:\/\/www.rwb-essen.de\/wp\/index.php\/bildungsangebot\/ausbildungsvorbereitung\/\">Ausbildungsvorbereitung<\/a><\/strong><\/p>\n<p>&#xA0;<\/p>\n<p><strong><a href=\"https:\/\/www.rwb-essen.de\/wp\/index.php\/bildungsangebot\/berufsfachschule\/\">Einj&#xE4;hrige Berufsfachschule<\/a><\/strong><\/p>\n<p>&#xA0;<\/p>\n<p><strong><a href=\"https:\/\/www.rwb-essen.de\/wp\/index.php\/bildungsangebot\/zweijaehrige-berufsfachschule\/\">Zweij&#xE4;hrige Berufsfachschule<\/a><\/strong><\/p>\n<p>&#xA0;<\/p>\n<p><strong><a href=\"https:\/\/www.rwb-essen.de\/wp\/index.php\/bildungsangebot\/berufliches-gymnasium\/\">Berufliches Gymnasium<\/a><\/strong><\/p>\n<p>&#xA0;<\/p>\n<p><strong><a href=\"https:\/\/www.rwb-essen.de\/wp\/index.php\/bildungsangebot\/fachschulen\/\">Fachschule<\/a><\/strong><\/p>\n<p>[\/et_pb_text][\/et_pb_column][\/et_pb_row][\/et_pb_section]<\/p>\n","protected":false},"excerpt":{"rendered":"<p>Berufsschule (Fachklassen im dualen System) &#xA0; Ausbildungsvorbereitung &#xA0; Einj&#xE4;hrige Berufsfachschule &#xA0; Zweij&#xE4;hrige Berufsfachschule &#xA0; Berufliches Gymnasium &#xA0; Fachschule<\/p>\n","protected":false},"author":2,"featured_media":0,"parent":0,"menu_order":0,"comment_status":"closed","ping_status":"closed","template":"","meta":{"_et_pb_use_builder":"on","_et_pb_old_content":"","_et_gb_content_width":"","footnotes":""},"class_list":["post-11147","page","type-page","status-publish","hentry"],"yoast_head":"<!-- This site is optimized with the Yoast SEO plugin v22.1 - https:\/\/yoast.com\/wordpress\/plugins\/seo\/ -->\n<title>Bildungsangebot - RWB Essen<\/title>\n<meta name=\"robots\" content=\"index, follow, max-snippet:-1, max-image-preview:large, max-video-preview:-1\" \/>\n<link rel=\"canonical\" href=\"https:\/\/www.rwb-essen.de\/wp\/bildungsangebot-2\/\" \/>\n<meta property=\"og:locale\" content=\"de_DE\" \/>\n<meta property=\"og:type\" content=\"article\" \/>\n<meta property=\"og:title\" content=\"Bildungsangebot - RWB Essen\" \/>\n<meta property=\"og:description\" content=\"Berufsschule (Fachklassen im dualen System) &#xA0; Ausbildungsvorbereitung &#xA0; Einj&#xE4;hrige Berufsfachschule &#xA0; Zweij&#xE4;hrige Berufsfachschule &#xA0; Berufliches Gymnasium &#xA0; Fachschule\" \/>\n<meta property=\"og:url\" content=\"https:\/\/www.rwb-essen.de\/wp\/bildungsangebot-2\/\" \/>\n<meta property=\"og:site_name\" content=\"RWB Essen\" \/>\n<meta property=\"article:modified_time\" content=\"2025-09-27T18:42:17+00:00\" \/>\n<meta name=\"twitter:card\" content=\"summary_large_image\" \/>\n<meta name=\"twitter:label1\" content=\"Gesch\u00e4tzte Lesezeit\" \/>\n\t<meta name=\"twitter:data1\" content=\"4\u00a0Minuten\" \/>\n<script type=\"application\/ld+json\" class=\"yoast-schema-graph\">{\"@context\":\"https:\/\/schema.org\",\"@graph\":[{\"@type\":\"WebPage\",\"@id\":\"https:\/\/www.rwb-essen.de\/wp\/bildungsangebot-2\/\",\"url\":\"https:\/\/www.rwb-essen.de\/wp\/bildungsangebot-2\/\",\"name\":\"Bildungsangebot - RWB Essen\",\"isPartOf\":{\"@id\":\"https:\/\/www.rwb-essen.de\/wp\/#website\"},\"datePublished\":\"2020-11-26T15:29:08+00:00\",\"dateModified\":\"2025-09-27T18:42:17+00:00\",\"breadcrumb\":{\"@id\":\"https:\/\/www.rwb-essen.de\/wp\/bildungsangebot-2\/#breadcrumb\"},\"inLanguage\":\"de\",\"potentialAction\":[{\"@type\":\"ReadAction\",\"target\":[\"https:\/\/www.rwb-essen.de\/wp\/bildungsangebot-2\/\"]}]},{\"@type\":\"BreadcrumbList\",\"@id\":\"https:\/\/www.rwb-essen.de\/wp\/bildungsangebot-2\/#breadcrumb\",\"itemListElement\":[{\"@type\":\"ListItem\",\"position\":1,\"name\":\"Startseite\",\"item\":\"https:\/\/www.rwb-essen.de\/wp\/\"},{\"@type\":\"ListItem\",\"position\":2,\"name\":\"Bildungsangebot\"}]},{\"@type\":\"WebSite\",\"@id\":\"https:\/\/www.rwb-essen.de\/wp\/#website\",\"url\":\"https:\/\/www.rwb-essen.de\/wp\/\",\"name\":\"RWB Essen\",\"description\":\"Rheinisch-Westf\u00e4lisches Berufskolleg Essen, LVR-F\u00f6rderschule mit F\u00f6rderschwerpunkt H\u00f6ren und Kommunikation H\u00f6rgesch\u00e4digte\",\"publisher\":{\"@id\":\"https:\/\/www.rwb-essen.de\/wp\/#organization\"},\"potentialAction\":[{\"@type\":\"SearchAction\",\"target\":{\"@type\":\"EntryPoint\",\"urlTemplate\":\"https:\/\/www.rwb-essen.de\/wp\/?s={search_term_string}\"},\"query-input\":\"required name=search_term_string\"}],\"inLanguage\":\"de\"},{\"@type\":\"Organization\",\"@id\":\"https:\/\/www.rwb-essen.de\/wp\/#organization\",\"name\":\"RWB Essen\",\"url\":\"https:\/\/www.rwb-essen.de\/wp\/\",\"logo\":{\"@type\":\"ImageObject\",\"inLanguage\":\"de\",\"@id\":\"https:\/\/www.rwb-essen.de\/wp\/#\/schema\/logo\/image\/\",\"url\":\"https:\/\/www.rwb-essen.de\/wp\/wp-content\/uploads\/2015\/09\/Logo_neu_72.png\",\"contentUrl\":\"https:\/\/www.rwb-essen.de\/wp\/wp-content\/uploads\/2015\/09\/Logo_neu_72.png\",\"width\":310,\"height\":162,\"caption\":\"RWB Essen\"},\"image\":{\"@id\":\"https:\/\/www.rwb-essen.de\/wp\/#\/schema\/logo\/image\/\"}}]}<\/script>\n<!-- \/ Yoast SEO plugin. -->","yoast_head_json":{"title":"Bildungsangebot - RWB Essen","robots":{"index":"index","follow":"follow","max-snippet":"max-snippet:-1","max-image-preview":"max-image-preview:large","max-video-preview":"max-video-preview:-1"},"canonical":"https:\/\/www.rwb-essen.de\/wp\/bildungsangebot-2\/","og_locale":"de_DE","og_type":"article","og_title":"Bildungsangebot - RWB Essen","og_description":"Berufsschule (Fachklassen im dualen System) &#xA0; Ausbildungsvorbereitung &#xA0; Einj&#xE4;hrige Berufsfachschule &#xA0; Zweij&#xE4;hrige Berufsfachschule &#xA0; Berufliches Gymnasium &#xA0; Fachschule","og_url":"https:\/\/www.rwb-essen.de\/wp\/bildungsangebot-2\/","og_site_name":"RWB Essen","article_modified_time":"2025-09-27T18:42:17+00:00","twitter_card":"summary_large_image","twitter_misc":{"Gesch\u00e4tzte Lesezeit":"4\u00a0Minuten"},"schema":{"@context":"https:\/\/schema.org","@graph":[{"@type":"WebPage","@id":"https:\/\/www.rwb-essen.de\/wp\/bildungsangebot-2\/","url":"https:\/\/www.rwb-essen.de\/wp\/bildungsangebot-2\/","name":"Bildungsangebot - RWB Essen","isPartOf":{"@id":"https:\/\/www.rwb-essen.de\/wp\/#website"},"datePublished":"2020-11-26T15:29:08+00:00","dateModified":"2025-09-27T18:42:17+00:00","breadcrumb":{"@id":"https:\/\/www.rwb-essen.de\/wp\/bildungsangebot-2\/#breadcrumb"},"inLanguage":"de","potentialAction":[{"@type":"ReadAction","target":["https:\/\/www.rwb-essen.de\/wp\/bildungsangebot-2\/"]}]},{"@type":"BreadcrumbList","@id":"https:\/\/www.rwb-essen.de\/wp\/bildungsangebot-2\/#breadcrumb","itemListElement":[{"@type":"ListItem","position":1,"name":"Startseite","item":"https:\/\/www.rwb-essen.de\/wp\/"},{"@type":"ListItem","position":2,"name":"Bildungsangebot"}]},{"@type":"WebSite","@id":"https:\/\/www.rwb-essen.de\/wp\/#website","url":"https:\/\/www.rwb-essen.de\/wp\/","name":"RWB Essen","description":"Rheinisch-Westf\u00e4lisches Berufskolleg Essen, LVR-F\u00f6rderschule mit F\u00f6rderschwerpunkt H\u00f6ren und Kommunikation H\u00f6rgesch\u00e4digte","publisher":{"@id":"https:\/\/www.rwb-essen.de\/wp\/#organization"},"potentialAction":[{"@type":"SearchAction","target":{"@type":"EntryPoint","urlTemplate":"https:\/\/www.rwb-essen.de\/wp\/?s={search_term_string}"},"query-input":"required name=search_term_string"}],"inLanguage":"de"},{"@type":"Organization","@id":"https:\/\/www.rwb-essen.de\/wp\/#organization","name":"RWB Essen","url":"https:\/\/www.rwb-essen.de\/wp\/","logo":{"@type":"ImageObject","inLanguage":"de","@id":"https:\/\/www.rwb-essen.de\/wp\/#\/schema\/logo\/image\/","url":"https:\/\/www.rwb-essen.de\/wp\/wp-content\/uploads\/2015\/09\/Logo_neu_72.png","contentUrl":"https:\/\/www.rwb-essen.de\/wp\/wp-content\/uploads\/2015\/09\/Logo_neu_72.png","width":310,"height":162,"caption":"RWB Essen"},"image":{"@id":"https:\/\/www.rwb-essen.de\/wp\/#\/schema\/logo\/image\/"}}]}},"_links":{"self":[{"href":"https:\/\/www.rwb-essen.de\/wp\/wp-json\/wp\/v2\/pages\/11147","targetHints":{"allow":["GET"]}}],"collection":[{"href":"https:\/\/www.rwb-essen.de\/wp\/wp-json\/wp\/v2\/pages"}],"about":[{"href":"https:\/\/www.rwb-essen.de\/wp\/wp-json\/wp\/v2\/types\/page"}],"author":[{"embeddable":true,"href":"https:\/\/www.rwb-essen.de\/wp\/wp-json\/wp\/v2\/users\/2"}],"replies":[{"embeddable":true,"href":"https:\/\/www.rwb-essen.de\/wp\/wp-json\/wp\/v2\/comments?post=11147"}],"version-history":[{"count":21,"href":"https:\/\/www.rwb-essen.de\/wp\/wp-json\/wp\/v2\/pages\/11147\/revisions"}],"predecessor-version":[{"id":20856,"href":"https:\/\/www.rwb-essen.de\/wp\/wp-json\/wp\/v2\/pages\/11147\/revisions\/20856"}],"wp:attachment":[{"href":"https:\/\/www.rwb-essen.de\/wp\/wp-json\/wp\/v2\/media?parent=11147"}],"curies":[{"name":"wp","href":"https:\/\/api.w.org\/{rel}","templated":true}]}}